{"id":605,"date":"2014-12-19T09:06:59","date_gmt":"2014-12-19T08:06:59","guid":{"rendered":"http:\/\/trail.orienteering.sk\/?page_id=605"},"modified":"2015-08-13T08:20:55","modified_gmt":"2015-08-13T07:20:55","slug":"29-3-2015-majstrovstva-slovenskej-republiky-v-preo-1-kolo-slovenskeho-pohara","status":"publish","type":"page","link":"http:\/\/trail.orienteering.sk\/?page_id=605","title":{"rendered":"29.3.2015 Majstrovstv\u00e1 Slovenskej republiky v PreO (Slovak Championships in Trail-O in PreO), 1. kolo Slovensk\u00e9ho poh\u00e1ra (1st round of Slovak Cup)"},"content":{"rendered":"<p style=\"text-align: justify;\">V r\u00e1mci pretekov <a href=\"http:\/\/cesom.kobra-orienteering.sk\/\" target=\"_blank\">CESOM 2015<\/a>\u00a0(s l\u00e1skavou podporou klubu <a title=\"KOBRA Bratislava\" href=\"http:\/\/www.kobra-orienteering.sk\/\" target=\"_blank\"><span style=\"color: #3d97c2;\">KOBRA Bratislava<\/span><\/a>)\u00a0sa v nede\u013eu 29.3.2015 uskuto\u010dili historicky prv\u00e9 Majstrovstv\u00e1 Slovenskej republiky v Presnej orient\u00e1cii (Trail-O) v discipl\u00edne PreO v\u00a0rovinat\u00fdch (pieskov\u00fdch) ter\u00e9noch Z\u00e1horia pri obci Borsk\u00fd Mikul\u00e1\u0161.<\/p>\n<p><em>The first\u00a0ever Slovak Championship in the Trail orienteering in the discipline PreO\u00a0 were be in flat (sand) terrain in area Z\u00e1horie near the village Borsk\u00fd Mikul\u00e1\u0161. The competition wil be after last stage of competition <a href=\"http:\/\/cesom.kobra-orienteering.sk\/\"><span style=\"text-decoration: underline;\">CESOM 2015<\/span><\/a>\u00a0organized by <a href=\"http:\/\/www.kobra-orienteering.sk\/\"><span style=\"text-decoration: underline;\">KOBRA Bratislava<\/span><\/a>.<\/em><\/p>\n<p>Viac inform\u00e1ci\u00ed <em>(More informations):<\/em><\/p>\n<p><a href=\"https:\/\/www.google.com\/maps\/d\/edit?mid=zae5HLXXnE_o.kLAVAIRxkkUo\" target=\"_blank\">Mapa centra a priestoru pretekov<\/a> (<a href=\"https:\/\/www.google.com\/maps\/d\/edit?mid=zae5HLXXnE_o.kLAVAIRxkkUo\" target=\"_blank\">Map of competition centre and area<\/a>)<br \/>\n<a title=\"MSR v PO v PreO \u2013 R o z p i s\" href=\"http:\/\/trail.orienteering.sk\/?p=871\">Propoz\u00edcie<\/a>\u00a0<em>(<a title=\"Invitation to first Slovak Championship 2015 in the Trail orienteering in the discipline PreO\" href=\"http:\/\/trail.orienteering.sk\/?p=918\">Bulletin 1<\/a>)<\/em><br \/>\n<a href=\"http:\/\/www.orienteeringonline.net\/CompetitionBasicInfo.aspx?CompetitionID=2048\" target=\"_blank\">Prihl\u00e1\u0161ky <em>(Entries)<\/em><\/a><br \/>\n<a title=\"Pokyny k MSR v PreO (Instructions of Slovak championships in PreO)\" href=\"http:\/\/trail.orienteering.sk\/?p=976\">Pokyny <em>(Instructions)<\/em><\/a><br \/>\n<a href=\"http:\/\/trail.orienteering.sk\/wp-content\/uploads\/2014\/12\/20150329_vysledky.pdf\" target=\"_blank\">V\u00fdsledky <em>(Results)<\/em><\/a><br \/>\n<a href=\"http:\/\/trail.orienteering.sk\/wp-content\/uploads\/2014\/12\/150329_protokol.pdf\" target=\"_blank\">Protokol<\/a> (Protocol)<br \/>\nMapy a rie\u0161enia <em>(Maps and solutions):<\/em><em><br \/>\n&#8211; <\/em><a href=\"http:\/\/trail.orienteering.sk\/wp-content\/uploads\/2015\/03\/150329_map.pdf\">mapa (map)<\/a><br \/>\n&#8211; <a href=\"http:\/\/trail.orienteering.sk\/wp-content\/uploads\/2015\/03\/150329_solution.pdf\">rie\u0161enia (solutions)<\/a><br \/>\n&#8211; \u010dasov\u00e9 kontroly (timed controls): <a href=\"http:\/\/trail.orienteering.sk\/wp-content\/uploads\/2014\/12\/150329_tc.pdf\">0<\/a> <a href=\"http:\/\/trail.orienteering.sk\/wp-content\/uploads\/2014\/12\/150329_tc_t1.pdf\">1<\/a> <a href=\"http:\/\/trail.orienteering.sk\/wp-content\/uploads\/2014\/12\/150329_tc_t2.pdf\">2<\/a> <a href=\"http:\/\/trail.orienteering.sk\/wp-content\/uploads\/2014\/12\/150329_tc_t3.pdf\">3<\/a><br \/>\n&#8211; rozcvi\u010dka (warm-up): <a href=\"http:\/\/trail.orienteering.sk\/wp-content\/uploads\/2014\/12\/150329_wu.pdf\">mapa (map)<\/a>, <a href=\"http:\/\/trail.orienteering.sk\/wp-content\/uploads\/2014\/12\/150329_wus.pdf\">rie\u0161enie (Solutions)<\/a><br \/>\n&#8211; <a href=\"https:\/\/drive.google.com\/folderview?id=0B_lbi9rQdkXafk56SjUyRERlY0E2QTN6RkFlcGs3OHpSWkw0ODRJUlpuOThSbmhQRGl6cFU&amp;usp=sharing\" target=\"_blank\">odfoten\u00e9 kontroly aj s\u00a0ozna\u010den\u00edm lampi\u00f3nov (photos of controls)<\/a><br \/>\nPredch\u00e1dzaj\u00faca orienta\u010dn\u00e1 mapa <em>(Previous orienteering map):<\/em>\u00a0<a href=\"http:\/\/www.orienteering.sk\/maps-new\/mapy\/mapa\/mapa.php?j=sl&amp;id=1034\" target=\"_blank\">Borsk\u00fd Mikul\u00e1\u0161<\/a><br \/>\n<a href=\"https:\/\/drive.google.com\/folderview?id=0B_lbi9rQdkXafmpLalItRUstdUMzZ1JySElMcFVSMnJRWTR2b2stOEhtdHdXWWROUWdZX3M&amp;usp=sharing\" target=\"_blank\">Fotky (Photos)<\/a><br \/>\n<a href=\"https:\/\/www.youtube.com\/watch?v=m26CTXQRI7k\" target=\"_blank\">Video<\/a>\u00a0od Pavla Kos\u0165a<\/p>\n<p style=\"text-align: center;\">\n","protected":false},"excerpt":{"rendered":"<p>V r\u00e1mci pretekov CESOM 2015\u00a0(s l\u00e1skavou podporou klubu KOBRA Bratislava)\u00a0sa v nede\u013eu 29.3.2015 uskuto\u010dili historicky prv\u00e9 Majstrovstv\u00e1 Slovenskej republiky v Presnej orient\u00e1cii (Trail-O) v discipl\u00edne PreO v\u00a0rovinat\u00fdch (pieskov\u00fdch) ter\u00e9noch Z\u00e1horia pri obci Borsk\u00fd Mikul\u00e1\u0161. The first\u00a0ever Slovak Championship in the&hellip;<\/p>\n<p class=\"more-link-p\"><a class=\"more-link\" href=\"http:\/\/trail.orienteering.sk\/?page_id=605\">Read more &rarr;<\/a><\/p>\n","protected":false},"author":1,"featured_media":0,"parent":0,"menu_order":0,"comment_status":"open","ping_status":"closed","template":"","meta":{"footnotes":""},"class_list":["post-605","page","type-page","status-publish","hentry"],"_links":{"self":[{"href":"http:\/\/trail.orienteering.sk\/index.php?rest_route=\/wp\/v2\/pages\/605","targetHints":{"allow":["GET"]}}],"collection":[{"href":"http:\/\/trail.orienteering.sk\/index.php?rest_route=\/wp\/v2\/pages"}],"about":[{"href":"http:\/\/trail.orienteering.sk\/index.php?rest_route=\/wp\/v2\/types\/page"}],"author":[{"embeddable":true,"href":"http:\/\/trail.orienteering.sk\/index.php?rest_route=\/wp\/v2\/users\/1"}],"replies":[{"embeddable":true,"href":"http:\/\/trail.orienteering.sk\/index.php?rest_route=%2Fwp%2Fv2%2Fcomments&post=605"}],"version-history":[{"count":0,"href":"http:\/\/trail.orienteering.sk\/index.php?rest_route=\/wp\/v2\/pages\/605\/revisions"}],"wp:attachment":[{"href":"http:\/\/trail.orienteering.sk\/index.php?rest_route=%2Fwp%2Fv2%2Fmedia&parent=605"}],"curies":[{"name":"wp","href":"https:\/\/api.w.org\/{rel}","templated":true}]}}