{"id":328,"date":"2014-06-16T09:21:23","date_gmt":"2014-06-16T08:21:23","guid":{"rendered":"http:\/\/trail.orienteering.sk\/?page_id=328"},"modified":"2014-06-16T09:27:26","modified_gmt":"2014-06-16T08:27:26","slug":"15-6-2014","status":"publish","type":"page","link":"http:\/\/trail.orienteering.sk\/?page_id=328","title":{"rendered":"15.6.2014"},"content":{"rendered":"<p style=\"text-align: justify;\">V r\u00e1mci <a href=\"http:\/\/sandberg.orienteering.sk\/klbko\/\" target=\"_blank\">pretekov<\/a> klubu <a href=\"http:\/\/sandberg.orienteering.sk\/\" target=\"_blank\">\u0160K Sandberg<\/a>, ktor\u00e9 organizuj\u00fa pri pr\u00edle\u017eitosti D\u0148a otcov v spolupr\u00e1ci s rodinn\u00fdm centrom KLBKO, sme pripravili\u00a0jednoduch\u00fa Trail-O tra\u0165 s piatimi kontrolami pre \u00fapln\u00fdch za\u010diato\u010dn\u00edkov. Za kr\u00e1sneho slne\u010dn\u00e9ho po\u010dasia sa pretekov\u00a0z\u00fa\u010dastnilo\u00a018 \u00fa\u010dastn\u00edkov, pri\u010dom pri\u0161lo aj p\u00e1r nov\u00e1\u010dikov.<\/p>\n<p><a title=\"Mapy a rie\u0161enia z pretekov 15.6.2014\" href=\"http:\/\/trail.orienteering.sk\/?p=333\">Mapy a rie\u0161enia<\/a><\/p>\n","protected":false},"excerpt":{"rendered":"<p>V r\u00e1mci pretekov klubu \u0160K Sandberg, ktor\u00e9 organizuj\u00fa pri pr\u00edle\u017eitosti D\u0148a otcov v spolupr\u00e1ci s rodinn\u00fdm centrom KLBKO, sme pripravili\u00a0jednoduch\u00fa Trail-O tra\u0165 s piatimi kontrolami pre \u00fapln\u00fdch za\u010diato\u010dn\u00edkov. Za kr\u00e1sneho slne\u010dn\u00e9ho po\u010dasia sa pretekov\u00a0z\u00fa\u010dastnilo\u00a018 \u00fa\u010dastn\u00edkov, pri\u010dom pri\u0161lo aj p\u00e1r nov\u00e1\u010dikov.&hellip;<\/p>\n<p class=\"more-link-p\"><a class=\"more-link\" href=\"http:\/\/trail.orienteering.sk\/?page_id=328\">Read more &rarr;<\/a><\/p>\n","protected":false},"author":1,"featured_media":0,"parent":0,"menu_order":0,"comment_status":"open","ping_status":"open","template":"","meta":{"footnotes":""},"class_list":["post-328","page","type-page","status-publish","hentry"],"_links":{"self":[{"href":"http:\/\/trail.orienteering.sk\/index.php?rest_route=\/wp\/v2\/pages\/328","targetHints":{"allow":["GET"]}}],"collection":[{"href":"http:\/\/trail.orienteering.sk\/index.php?rest_route=\/wp\/v2\/pages"}],"about":[{"href":"http:\/\/trail.orienteering.sk\/index.php?rest_route=\/wp\/v2\/types\/page"}],"author":[{"embeddable":true,"href":"http:\/\/trail.orienteering.sk\/index.php?rest_route=\/wp\/v2\/users\/1"}],"replies":[{"embeddable":true,"href":"http:\/\/trail.orienteering.sk\/index.php?rest_route=%2Fwp%2Fv2%2Fcomments&post=328"}],"version-history":[{"count":0,"href":"http:\/\/trail.orienteering.sk\/index.php?rest_route=\/wp\/v2\/pages\/328\/revisions"}],"wp:attachment":[{"href":"http:\/\/trail.orienteering.sk\/index.php?rest_route=%2Fwp%2Fv2%2Fmedia&parent=328"}],"curies":[{"name":"wp","href":"https:\/\/api.w.org\/{rel}","templated":true}]}}