{"id":2006,"date":"2017-10-05T09:38:48","date_gmt":"2017-10-05T08:38:48","guid":{"rendered":"http:\/\/trail.orienteering.sk\/?page_id=2006"},"modified":"2019-10-25T07:51:19","modified_gmt":"2019-10-25T06:51:19","slug":"slovensky-pohar-2017","status":"publish","type":"page","link":"http:\/\/trail.orienteering.sk\/?page_id=2006","title":{"rendered":"Slovensk\u00fd poh\u00e1r &#8211; 2017"},"content":{"rendered":"<p>Kateg\u00f3ria: E\u00a0&#8211; Open<br \/>\n\n<table id=\"tablepress-9\" class=\"tablepress tablepress-id-9\">\n<thead>\n<tr class=\"row-1\">\n\t<th class=\"column-1\">Por.<\/th><th class=\"column-2\">Meno<\/th><th class=\"column-3\">Klub<\/th><th class=\"column-4\">1.<\/th><th class=\"column-5\">2.<\/th><th class=\"column-6\">Spolu<\/th>\n<\/tr>\n<\/thead>\n<tbody class=\"row-striping row-hover\">\n<tr class=\"row-2\">\n\t<td class=\"column-1\"><b>1.<\/b><\/td><td class=\"column-2\"><b>Pavol Bukov\u00e1c<\/b><\/td><td class=\"column-3\"><b>FBA<\/b><\/td><td class=\"column-4\">22<\/td><td class=\"column-5\">20<\/td><td class=\"column-6\">42<\/td>\n<\/tr>\n<tr class=\"row-3\">\n\t<td class=\"column-1\"><b>2.<\/b><\/td><td class=\"column-2\"><b>\u0160imon Mi\u017e\u00far<\/b><\/td><td class=\"column-3\"><b>FBA<\/b><\/td><td class=\"column-4\">20<\/td><td class=\"column-5\">19<\/td><td class=\"column-6\">39<\/td>\n<\/tr>\n<tr class=\"row-4\">\n\t<td class=\"column-1\"><b>3.<\/b><\/td><td class=\"column-2\"><b>Tamara Miklu\u0161ov\u00e1<\/b><\/td><td class=\"column-3\"><b>RBA<\/b><\/td><td class=\"column-4\">16<\/td><td class=\"column-5\">22<\/td><td class=\"column-6\">38<\/td>\n<\/tr>\n<tr class=\"row-5\">\n\t<td class=\"column-1\">4.<\/td><td class=\"column-2\">Mari\u00e1n Miklu\u0161<\/td><td class=\"column-3\">RBA<\/td><td class=\"column-4\">12<\/td><td class=\"column-5\">25<\/td><td class=\"column-6\">37<\/td>\n<\/tr>\n<tr class=\"row-6\">\n\t<td class=\"column-1\"><\/td><td class=\"column-2\">Tomislav Varnica<\/td><td class=\"column-3\">FBA<\/td><td class=\"column-4\">19<\/td><td class=\"column-5\">16<\/td><td class=\"column-6\">35<\/td>\n<\/tr>\n<tr class=\"row-7\">\n\t<td class=\"column-1\">6.<\/td><td class=\"column-2\">Ivo Ti\u0161ljar<\/td><td class=\"column-3\">FBA<\/td><td class=\"column-4\">13<\/td><td class=\"column-5\">18<\/td><td class=\"column-6\">31<\/td>\n<\/tr>\n<tr class=\"row-8\">\n\t<td class=\"column-1\">7.<\/td><td class=\"column-2\">Matej Hrabo\u0161<\/td><td class=\"column-3\">HBB<\/td><td class=\"column-4\">17<\/td><td class=\"column-5\">13<\/td><td class=\"column-6\">30<\/td>\n<\/tr>\n<tr class=\"row-9\">\n\t<td class=\"column-1\"><\/td><td class=\"column-2\">Ondrej Pij\u00e1k<\/td><td class=\"column-3\">BBA<\/td><td class=\"column-4\">15<\/td><td class=\"column-5\">15<\/td><td class=\"column-6\">30<\/td>\n<\/tr>\n<tr class=\"row-10\">\n\t<td class=\"column-1\">9.<\/td><td class=\"column-2\">Daniel Pompura<\/td><td class=\"column-3\">TBB<\/td><td class=\"column-4\">14<\/td><td class=\"column-5\">14<\/td><td class=\"column-6\">28<\/td>\n<\/tr>\n<tr class=\"row-11\">\n\t<td class=\"column-1\">10.<\/td><td class=\"column-2\">Tereza Miklu\u0161ov\u00e1<\/td><td class=\"column-3\">RBA<\/td><td class=\"column-4\">10<\/td><td class=\"column-5\">17<\/td><td class=\"column-6\">27<\/td>\n<\/tr>\n<tr class=\"row-12\">\n\t<td class=\"column-1\">11.<\/td><td class=\"column-2\">Tom\u00e1\u0161 Le\u0161t\u00ednsk\u00fd<\/td><td class=\"column-3\">TKE<\/td><td class=\"column-4\">25<\/td><td class=\"column-5\"><\/td><td class=\"column-6\">25<\/td>\n<\/tr>\n<tr class=\"row-13\">\n\t<td class=\"column-1\">12.<\/td><td class=\"column-2\">Dagmar Miklu\u0161ov\u00e1<\/td><td class=\"column-3\">RBA<\/td><td class=\"column-4\">11<\/td><td class=\"column-5\">9<\/td><td class=\"column-6\">20<\/td>\n<\/tr>\n<tr class=\"row-14\">\n\t<td class=\"column-1\">13.<\/td><td class=\"column-2\">Tom\u00e1\u0161 Kasza<\/td><td class=\"column-3\">FBA<\/td><td class=\"column-4\">8<\/td><td class=\"column-5\">10<\/td><td class=\"column-6\">18<\/td>\n<\/tr>\n<tr class=\"row-15\">\n\t<td class=\"column-1\">13.<\/td><td class=\"column-2\">Monika Moln\u00e1rov\u00e1<\/td><td class=\"column-3\">BBA<\/td><td class=\"column-4\">7<\/td><td class=\"column-5\">11<\/td><td class=\"column-6\">18<\/td>\n<\/tr>\n<tr class=\"row-16\">\n\t<td class=\"column-1\">13.<\/td><td class=\"column-2\">Medard st. F\u00e9der<\/td><td class=\"column-3\">PEZ<\/td><td class=\"column-4\">18<\/td><td class=\"column-5\"><\/td><td class=\"column-6\">18<\/td>\n<\/tr>\n<tr class=\"row-17\">\n\t<td class=\"column-1\">16.<\/td><td class=\"column-2\">Filip Bukov\u00e1c<\/td><td class=\"column-3\"><\/td><td class=\"column-4\"><\/td><td class=\"column-5\">12<\/td><td class=\"column-6\">12<\/td>\n<\/tr>\n<tr class=\"row-18\">\n\t<td class=\"column-1\">17.<\/td><td class=\"column-2\">Miloslav Nemcek<\/td><td class=\"column-3\">PEZ<\/td><td class=\"column-4\">9<\/td><td class=\"column-5\"><\/td><td class=\"column-6\">9<\/td>\n<\/tr>\n<\/tbody>\n<\/table>\n<!-- #tablepress-9 from cache --><\/p>\n","protected":false},"excerpt":{"rendered":"<p>Kateg\u00f3ria: E\u00a0&#8211; Open<\/p>\n<p class=\"more-link-p\"><a class=\"more-link\" href=\"http:\/\/trail.orienteering.sk\/?page_id=2006\">Read more &rarr;<\/a><\/p>\n","protected":false},"author":1,"featured_media":0,"parent":0,"menu_order":0,"comment_status":"closed","ping_status":"closed","template":"","meta":{"footnotes":""},"class_list":["post-2006","page","type-page","status-publish","hentry"],"_links":{"self":[{"href":"http:\/\/trail.orienteering.sk\/index.php?rest_route=\/wp\/v2\/pages\/2006","targetHints":{"allow":["GET"]}}],"collection":[{"href":"http:\/\/trail.orienteering.sk\/index.php?rest_route=\/wp\/v2\/pages"}],"about":[{"href":"http:\/\/trail.orienteering.sk\/index.php?rest_route=\/wp\/v2\/types\/page"}],"author":[{"embeddable":true,"href":"http:\/\/trail.orienteering.sk\/index.php?rest_route=\/wp\/v2\/users\/1"}],"replies":[{"embeddable":true,"href":"http:\/\/trail.orienteering.sk\/index.php?rest_route=%2Fwp%2Fv2%2Fcomments&post=2006"}],"version-history":[{"count":0,"href":"http:\/\/trail.orienteering.sk\/index.php?rest_route=\/wp\/v2\/pages\/2006\/revisions"}],"wp:attachment":[{"href":"http:\/\/trail.orienteering.sk\/index.php?rest_route=%2Fwp%2Fv2%2Fmedia&parent=2006"}],"curies":[{"name":"wp","href":"https:\/\/api.w.org\/{rel}","templated":true}]}}